{"id":6,"date":"2023-11-20T18:34:44","date_gmt":"2023-11-20T17:34:44","guid":{"rendered":"http:\/\/web.skigundelfingen.t23dev\/?page_id=6"},"modified":"2025-11-05T14:06:36","modified_gmt":"2025-11-05T13:06:36","slug":"startseite","status":"publish","type":"page","link":"https:\/\/anmeldung.ski-gundelfingen.de\/","title":{"rendered":"Startseite"},"content":{"rendered":"\n<h2 class=\"wp-block-heading\">Saison 2025\/2026<\/h2>\n\n\n\n<p><br>Die Skigemeinschaft FC und TV Gundelfingen plant ihr Angebot der Saison 2025\/2026. <br><br>Alle den BSV betreffenden Regelungen sind im Internet unter www.bsv-ski.de zu finden.<br><\/p>\n\n\n\n<p>Bei der Anmeldung Online muss mit Einzugserm\u00e4chtigung bezahlt werden. R\u00fccktritt bis 3 Tage vor Termin m\u00f6glich. Telefonische Anmeldungen k\u00f6nnen nicht ber\u00fccksichtigt werden.<\/p>\n","protected":false},"excerpt":{"rendered":"<p>Saison 2025\/2026 Die Skigemeinschaft FC und TV Gundelfingen plant ihr Angebot der Saison 2025\/2026. Alle den BSV betreffenden Regelungen sind im Internet unter www.bsv-ski.de zu finden. Bei der Anmeldung Online muss mit Einzugserm\u00e4chtigung bezahlt werden. R\u00fccktritt bis 3 Tage vor Termin m\u00f6glich. Telefonische Anmeldungen k\u00f6nnen nicht ber\u00fccksichtigt werden.<\/p>\n","protected":false},"author":2,"featured_media":741,"parent":0,"menu_order":0,"comment_status":"closed","ping_status":"closed","template":"","meta":{"_acf_changed":false,"footnotes":""},"class_list":["post-6","page","type-page","status-publish","has-post-thumbnail","hentry"],"acf":[],"_links":{"self":[{"href":"https:\/\/anmeldung.ski-gundelfingen.de\/index.php?rest_route=\/wp\/v2\/pages\/6","targetHints":{"allow":["GET"]}}],"collection":[{"href":"https:\/\/anmeldung.ski-gundelfingen.de\/index.php?rest_route=\/wp\/v2\/pages"}],"about":[{"href":"https:\/\/anmeldung.ski-gundelfingen.de\/index.php?rest_route=\/wp\/v2\/types\/page"}],"author":[{"embeddable":true,"href":"https:\/\/anmeldung.ski-gundelfingen.de\/index.php?rest_route=\/wp\/v2\/users\/2"}],"replies":[{"embeddable":true,"href":"https:\/\/anmeldung.ski-gundelfingen.de\/index.php?rest_route=%2Fwp%2Fv2%2Fcomments&post=6"}],"version-history":[{"count":159,"href":"https:\/\/anmeldung.ski-gundelfingen.de\/index.php?rest_route=\/wp\/v2\/pages\/6\/revisions"}],"predecessor-version":[{"id":1270,"href":"https:\/\/anmeldung.ski-gundelfingen.de\/index.php?rest_route=\/wp\/v2\/pages\/6\/revisions\/1270"}],"wp:featuredmedia":[{"embeddable":true,"href":"https:\/\/anmeldung.ski-gundelfingen.de\/index.php?rest_route=\/wp\/v2\/media\/741"}],"wp:attachment":[{"href":"https:\/\/anmeldung.ski-gundelfingen.de\/index.php?rest_route=%2Fwp%2Fv2%2Fmedia&parent=6"}],"curies":[{"name":"wp","href":"https:\/\/api.w.org\/{rel}","templated":true}]}}