{"id":1243,"date":"2025-11-04T23:35:41","date_gmt":"2025-11-04T22:35:41","guid":{"rendered":"https:\/\/anmeldung.ski-gundelfingen.de\/?page_id=1243"},"modified":"2025-11-04T23:35:47","modified_gmt":"2025-11-04T22:35:47","slug":"apres-ski-ausfahrt","status":"publish","type":"page","link":"https:\/\/anmeldung.ski-gundelfingen.de\/?page_id=1243","title":{"rendered":"Apr\u00e8s Ski Ausfahrt\u00a0"},"content":{"rendered":"\n<p>Apr\u00e8s Ski Ausfahrt nach Serfaus! Ein Tag voller Pisten, Party &amp; guter Laune &#8211; und weil&#8217;s so sch\u00f6n ist, fahren wir sp\u00e4ter zur\u00fcck, um den Abend richtig auszukosten! Sei dabei, wenn wir Serfaus zum Beben bringen.<\/p>\n\n\n\n<p>Wann? 07.03.2026<\/p>\n\n\n\n<p>Wo? Serfaus<\/p>\n\n\n\n<p>Kosten? 119\u20ac inkl. Bus und Skipass (Einzelbusfahrt 50\u20ac)<\/p>\n\n\n\n<p><\/p>\n\n\n\n<p>Anmeldung und weitere Infos unter: <strong><a href=\"https:\/\/www.sva-ski.de\/\">www.sva-ski.de<\/a><\/strong><\/p>\n\n\n\n<p><\/p>\n","protected":false},"excerpt":{"rendered":"<p>Apr\u00e8s Ski Ausfahrt nach Serfaus! Ein Tag voller Pisten, Party &amp; guter Laune &#8211; und weil&#8217;s so sch\u00f6n ist, fahren wir sp\u00e4ter zur\u00fcck, um den Abend richtig auszukosten! Sei dabei, wenn wir Serfaus zum Beben bringen. Wann? 07.03.2026 Wo? Serfaus Kosten? 119\u20ac inkl. Bus und Skipass (Einzelbusfahrt 50\u20ac) Anmeldung und weitere Infos unter: www.sva-ski.de<\/p>\n","protected":false},"author":2,"featured_media":0,"parent":0,"menu_order":0,"comment_status":"closed","ping_status":"closed","template":"","meta":{"_acf_changed":false,"footnotes":""},"class_list":["post-1243","page","type-page","status-publish","hentry"],"acf":[],"_links":{"self":[{"href":"https:\/\/anmeldung.ski-gundelfingen.de\/index.php?rest_route=\/wp\/v2\/pages\/1243","targetHints":{"allow":["GET"]}}],"collection":[{"href":"https:\/\/anmeldung.ski-gundelfingen.de\/index.php?rest_route=\/wp\/v2\/pages"}],"about":[{"href":"https:\/\/anmeldung.ski-gundelfingen.de\/index.php?rest_route=\/wp\/v2\/types\/page"}],"author":[{"embeddable":true,"href":"https:\/\/anmeldung.ski-gundelfingen.de\/index.php?rest_route=\/wp\/v2\/users\/2"}],"replies":[{"embeddable":true,"href":"https:\/\/anmeldung.ski-gundelfingen.de\/index.php?rest_route=%2Fwp%2Fv2%2Fcomments&post=1243"}],"version-history":[{"count":1,"href":"https:\/\/anmeldung.ski-gundelfingen.de\/index.php?rest_route=\/wp\/v2\/pages\/1243\/revisions"}],"predecessor-version":[{"id":1244,"href":"https:\/\/anmeldung.ski-gundelfingen.de\/index.php?rest_route=\/wp\/v2\/pages\/1243\/revisions\/1244"}],"wp:attachment":[{"href":"https:\/\/anmeldung.ski-gundelfingen.de\/index.php?rest_route=%2Fwp%2Fv2%2Fmedia&parent=1243"}],"curies":[{"name":"wp","href":"https:\/\/api.w.org\/{rel}","templated":true}]}}