{"id":118,"date":"2023-11-20T19:04:36","date_gmt":"2023-11-20T18:04:36","guid":{"rendered":"https:\/\/anmeldung.ski-gundelfingen.de\/?page_id=118"},"modified":"2026-02-24T20:07:58","modified_gmt":"2026-02-24T19:07:58","slug":"skikurs-06-01-07-01-und-14-01-2023","status":"publish","type":"page","link":"https:\/\/anmeldung.ski-gundelfingen.de\/?page_id=118","title":{"rendered":"Anmeldung Skikurs 10.01, 17.01 und 18.01.2026"},"content":{"rendered":"\n<p><\/p>\n\n\n\n<h2 class=\"wp-block-heading\">Abfahrt<\/h2>\n\n\n\n<p>06:00 Uhr am Schulhof der Mittelschule Gundelfingen<\/p>\n\n\n\n<h2 class=\"wp-block-heading\">Preise<\/h2>\n\n\n\n<h4 class=\"wp-block-heading\">Kinder bis 17 Jahre<\/h4>\n\n\n\n<p>160 \u20ac Kursgeb\u00fchr inkl. Busfahrt zzgl. Liftkosten je nach Skigebiet<\/p>\n\n\n\n<h4 class=\"wp-block-heading\">Erwachsene ab 18 Jahre<\/h4>\n\n\n\n<p>170 \u20ac Kursgeb\u00fchr inkl. Busfahrt zzgl. Liftkosten je nach Skigebiet<\/p>\n\n\n\n<h4 class=\"wp-block-heading\">Freie Skifahrer \/ Begleitpersonen<\/h4>\n\n\n\n<p>37 \u20ac Busfahrt pro Tag<\/p>\n\n\n\n<h2 class=\"wp-block-heading\">Reisebedingungen und allgemeine Hinweise<\/h2>\n\n\n\n<ul class=\"wp-block-list\">\n<li>Nicht in Anspruch genommene Kurstage entfallen. Wegen schlechter Witterung abgebrochene Kurstage werden nicht nachgeholt.<\/li>\n\n\n\n<li>Kurstage, die wegen schlechter Witterung nicht durchgef\u00fchrt werden k\u00f6nnen, werden am n\u00e4chstm\u00f6glichen Termin nachgeholt.<\/li>\n\n\n\n<li>Bei Nichtteilnahme an einer Tagesfahrt ohne Abmeldung wird der Fahrpreis verrechnet.<\/li>\n\n\n\n<li>Bei R\u00fccktritt einer Mehrtagesfahrt bis 3 Tage vor dem Reisetermin wird der Fahrtkostenanteil verrechnet.<\/li>\n\n\n\n<li>F\u00fcr Unf\u00e4lle und Diebstahl bei den Skikursen, Skifahrten, An- und R\u00fcckreisen wird keine Haftung \u00fcbernommen.<\/li>\n\n\n\n<li>Im Skikurs besteht Versicherungsschutz im Rahmen der Vereinsmitgliedschaft.<\/li>\n\n\n\n<li>Die Teilnehmer an den Fahrten verzichten auf das Recht auf eigene Bilder.<\/li>\n\n\n\n<li>Kinder unter 10 Jahren nur in Begleitung von Erwachsenen.<\/li>\n<\/ul>\n\n\n\n<h2 class=\"wp-block-heading\">Ausr\u00fcstung<\/h2>\n\n\n\n<ul class=\"wp-block-list\">\n<li>Ski\/Snowboard mit eingestellter Sicherheitsbindung<\/li>\n\n\n\n<li>Skihandschuhe (evtl. 1 Paar zum Wechseln)<\/li>\n\n\n\n<li>Skibrille<\/li>\n\n\n\n<li>Skihelm <\/li>\n\n\n\n<li>Handgelenkschutz f\u00fcr Snowboarder<\/li>\n<\/ul>\n\n\n\n<h2 class=\"wp-block-heading\"><\/h2>\n\n\n\n<p><\/p>\n\n\n\n<p><br>F\u00fcr R\u00fcckfragen wenden Sie sich bitte an:<\/p>\n\n\n\n<p>\ud83d\udce7E-Mail: ski-gundelfingen@mail.de<br><br>\ud83d\udcde Telefon: 017657960405<\/p>\n\n\n\n<div class=\"wp-block-columns is-layout-flex wp-container-core-columns-is-layout-1 wp-block-columns-is-layout-flex\">\n<div class=\"wp-block-column is-layout-flow wp-block-column-is-layout-flow\"><\/div>\n\n\n\n<div class=\"wp-block-column is-layout-flow wp-block-column-is-layout-flow\"><\/div>\n\n\n\n<div class=\"wp-block-column is-layout-flow wp-block-column-is-layout-flow\"><\/div>\n<\/div>\n\n\n\n<div class=\"wp-block-columns is-layout-flex wp-container-core-columns-is-layout-2 wp-block-columns-is-layout-flex\">\n<div class=\"wp-block-column is-layout-flow wp-block-column-is-layout-flow\"><\/div>\n<\/div>\n\n\n\n<p><\/p>\n\n\n\n<p><\/p>\n\n\n\n<p><\/p>\n\n\n\n<p><\/p>\n\n\n\n<p><\/p>\n","protected":false},"excerpt":{"rendered":"<p>Abfahrt 06:00 Uhr am Schulhof der Mittelschule Gundelfingen Preise Kinder bis 17 Jahre 160 \u20ac Kursgeb\u00fchr inkl. Busfahrt zzgl. Liftkosten je nach Skigebiet Erwachsene ab 18 Jahre 170 \u20ac Kursgeb\u00fchr inkl. Busfahrt zzgl. Liftkosten je nach Skigebiet Freie Skifahrer \/ Begleitpersonen 37 \u20ac Busfahrt pro Tag Reisebedingungen und allgemeine Hinweise Ausr\u00fcstung F\u00fcr R\u00fcckfragen wenden Sie &hellip; <a href=\"https:\/\/anmeldung.ski-gundelfingen.de\/?page_id=118\">Continued<\/a><\/p>\n","protected":false},"author":1,"featured_media":0,"parent":0,"menu_order":0,"comment_status":"closed","ping_status":"closed","template":"","meta":{"_acf_changed":false,"footnotes":""},"class_list":["post-118","page","type-page","status-publish","hentry"],"acf":[],"_links":{"self":[{"href":"https:\/\/anmeldung.ski-gundelfingen.de\/index.php?rest_route=\/wp\/v2\/pages\/118","targetHints":{"allow":["GET"]}}],"collection":[{"href":"https:\/\/anmeldung.ski-gundelfingen.de\/index.php?rest_route=\/wp\/v2\/pages"}],"about":[{"href":"https:\/\/anmeldung.ski-gundelfingen.de\/index.php?rest_route=\/wp\/v2\/types\/page"}],"author":[{"embeddable":true,"href":"https:\/\/anmeldung.ski-gundelfingen.de\/index.php?rest_route=\/wp\/v2\/users\/1"}],"replies":[{"embeddable":true,"href":"https:\/\/anmeldung.ski-gundelfingen.de\/index.php?rest_route=%2Fwp%2Fv2%2Fcomments&post=118"}],"version-history":[{"count":53,"href":"https:\/\/anmeldung.ski-gundelfingen.de\/index.php?rest_route=\/wp\/v2\/pages\/118\/revisions"}],"predecessor-version":[{"id":1263,"href":"https:\/\/anmeldung.ski-gundelfingen.de\/index.php?rest_route=\/wp\/v2\/pages\/118\/revisions\/1263"}],"wp:attachment":[{"href":"https:\/\/anmeldung.ski-gundelfingen.de\/index.php?rest_route=%2Fwp%2Fv2%2Fmedia&parent=118"}],"curies":[{"name":"wp","href":"https:\/\/api.w.org\/{rel}","templated":true}]}}