{"id":102,"date":"2019-10-22T21:23:13","date_gmt":"2019-10-22T19:23:13","guid":{"rendered":"https:\/\/anmeldung.ski-gundelfingen.de\/?page_id=102"},"modified":"2026-02-24T20:08:24","modified_gmt":"2026-02-24T19:08:24","slug":"anmeldung-tagesfahrt-montafon-26-12-2022","status":"publish","type":"page","link":"https:\/\/anmeldung.ski-gundelfingen.de\/?page_id=102","title":{"rendered":"Anmeldung Tagesfahrt Montafon 26.12.2025"},"content":{"rendered":"\n<p><\/p>\n\n\n\n<p><\/p>\n\n\n\n<h2 class=\"wp-block-heading\">Abfahrt<\/h2>\n\n\n\n<p>5:15 Uhr am Schulhof der Mittelschule Gundelfingen<\/p>\n\n\n\n<p><\/p>\n\n\n\n<h2 class=\"wp-block-heading\">R\u00fcckfahrt<\/h2>\n\n\n\n<p>NEU: R\u00fcckfahrt im Skigebiet um 18:30 Uhr<\/p>\n\n\n\n<h2 class=\"wp-block-heading\">Preise<\/h2>\n\n\n\n<h4 class=\"wp-block-heading\">Erwachsener mit Skipass<\/h4>\n\n\n\n<p>108 \u20ac<\/p>\n\n\n\n<h4 class=\"wp-block-heading\">Jugendlicher mit Skipass<\/h4>\n\n\n\n<p>88 \u20ac (Ausweis erforderlich)<\/p>\n\n\n\n<h4 class=\"wp-block-heading\">Nur Busfahrt<\/h4>\n\n\n\n<p>51 \u20ac<\/p>\n\n\n\n<div class=\"wp-block-columns is-layout-flex wp-container-core-columns-is-layout-1 wp-block-columns-is-layout-flex\">\n<div class=\"wp-block-column is-layout-flow wp-block-column-is-layout-flow\"><\/div>\n<\/div>\n\n\n\n<p><\/p>\n\n\n\n<p><\/p>\n\n\n\n<p>\ud83d\udce2 <strong>Infos:<\/strong><\/p>\n\n\n\n<p>\ud83c\udfd4\ufe0f Ziel: St. Gallenkirch im Montafon, \u00d6sterreich <\/p>\n\n\n\n<p>\u2615 Gratis Kaffee beim Zwischenstopp am Morgen<\/p>\n\n\n\n<p>\ud83e\udd50 Kleines Fr\u00fchst\u00fcck inklusive <\/p>\n\n\n\n<p>\u26f7\ufe0f Tag zur freien Verf\u00fcgung im Skigebiet<\/p>\n\n\n\n<p>\ud83c\udfb6 Apr\u00e8s-Ski-Musik auf der R\u00fcckfahrt im Bus<\/p>\n\n\n\n<p>\ud83c\udf7a Getr\u00e4nke an Bord erh\u00e4ltlich<\/p>\n\n\n\n<p>\ud83d\udca1Wir bitten um einen sorgf\u00e4ltigen Umgang mit dem Reisebus. Bei groben Verunreinigungen kann der Busunternehmer eine Reinigungspauschale von 250 \u20ac erheben<\/p>\n\n\n\n<p><\/p>\n\n\n\n<p>\ud83d\udcde R\u00fcckfragen: Mail: ski-gundelfingen@mail.de, f\u00fcr   Notf\u00e4lle an 017657960405<\/p>\n\n\n\n<div class=\"wp-block-columns is-layout-flex wp-container-core-columns-is-layout-2 wp-block-columns-is-layout-flex\">\n<div class=\"wp-block-column is-layout-flow wp-block-column-is-layout-flow\">\n<p><\/p>\n<\/div>\n<\/div>\n\n\n\n<p><\/p>\n\n\n\n<p><\/p>\n\n\n\n<h2 class=\"wp-block-heading\">Bezahlung<\/h2>\n\n\n\n<p><strong>SEPA-Lastschriftmandat:<\/strong> Ich\/Wir erm\u00e4chtige(n) die Skigemeinschaft FC+TV Gundelfingen einmalig, die von mir\/uns zu entrichtenden Zahlungen f\u00fcr diese Tagesfahrt bei F\u00e4lligkeit durch SEPA-Lastschriftmandat einzuziehen. Zugleich weise(n) ich\/wir unser Kreditinstitut an, die von der  Skigemeinschaft FC+TV Gundelfingen auf mein Konto gezogenen Lastschrifen einzul\u00f6sen.<\/p>\n\n\n\n<p>Sparkasse Dillingen-N\u00f6rdlingen<br>BLZ 722 515 20 | Konto 346 870<br>IBAN DE98 7225 1520 0000 3468 70<br>BIC BYLADEM1DLG<\/p>\n\n\n\n<p><\/p>\n\n\n\n<div class=\"wp-block-columns is-layout-flex wp-container-core-columns-is-layout-3 wp-block-columns-is-layout-flex\">\n<div class=\"wp-block-column is-layout-flow wp-block-column-is-layout-flow\">\n<p><\/p>\n<\/div>\n<\/div>\n\n\n\n<p><\/p>\n\n\n\n<p><\/p>\n\n\n\n<p><\/p>\n\n\n\n<p><\/p>\n","protected":false},"excerpt":{"rendered":"<p>Abfahrt 5:15 Uhr am Schulhof der Mittelschule Gundelfingen R\u00fcckfahrt NEU: R\u00fcckfahrt im Skigebiet um 18:30 Uhr Preise Erwachsener mit Skipass 108 \u20ac Jugendlicher mit Skipass 88 \u20ac (Ausweis erforderlich) Nur Busfahrt 51 \u20ac \ud83d\udce2 Infos: \ud83c\udfd4\ufe0f Ziel: St. Gallenkirch im Montafon, \u00d6sterreich \u2615 Gratis Kaffee beim Zwischenstopp am Morgen \ud83e\udd50 Kleines Fr\u00fchst\u00fcck inklusive \u26f7\ufe0f Tag &hellip; <a href=\"https:\/\/anmeldung.ski-gundelfingen.de\/?page_id=102\">Continued<\/a><\/p>\n","protected":false},"author":1,"featured_media":0,"parent":0,"menu_order":0,"comment_status":"closed","ping_status":"closed","template":"","meta":{"_acf_changed":false,"footnotes":""},"class_list":["post-102","page","type-page","status-publish","hentry"],"acf":[],"_links":{"self":[{"href":"https:\/\/anmeldung.ski-gundelfingen.de\/index.php?rest_route=\/wp\/v2\/pages\/102","targetHints":{"allow":["GET"]}}],"collection":[{"href":"https:\/\/anmeldung.ski-gundelfingen.de\/index.php?rest_route=\/wp\/v2\/pages"}],"about":[{"href":"https:\/\/anmeldung.ski-gundelfingen.de\/index.php?rest_route=\/wp\/v2\/types\/page"}],"author":[{"embeddable":true,"href":"https:\/\/anmeldung.ski-gundelfingen.de\/index.php?rest_route=\/wp\/v2\/users\/1"}],"replies":[{"embeddable":true,"href":"https:\/\/anmeldung.ski-gundelfingen.de\/index.php?rest_route=%2Fwp%2Fv2%2Fcomments&post=102"}],"version-history":[{"count":34,"href":"https:\/\/anmeldung.ski-gundelfingen.de\/index.php?rest_route=\/wp\/v2\/pages\/102\/revisions"}],"predecessor-version":[{"id":1335,"href":"https:\/\/anmeldung.ski-gundelfingen.de\/index.php?rest_route=\/wp\/v2\/pages\/102\/revisions\/1335"}],"wp:attachment":[{"href":"https:\/\/anmeldung.ski-gundelfingen.de\/index.php?rest_route=%2Fwp%2Fv2%2Fmedia&parent=102"}],"curies":[{"name":"wp","href":"https:\/\/api.w.org\/{rel}","templated":true}]}}